{"id":314,"date":"2024-09-02T09:47:20","date_gmt":"2024-09-02T09:47:20","guid":{"rendered":"http:\/\/localhost:10205\/?page_id=314"},"modified":"2025-03-26T08:54:27","modified_gmt":"2025-03-26T08:54:27","slug":"jobs","status":"publish","type":"page","link":"https:\/\/www.lenges.be\/fr\/jobs\/","title":{"rendered":"Jobs"},"content":{"rendered":"","protected":false},"excerpt":{"rendered":"","protected":false},"author":1,"featured_media":0,"parent":0,"menu_order":8,"comment_status":"closed","ping_status":"closed","template":"page-templates\/template-jobs.php","meta":{"_acf_changed":false,"inline_featured_image":false,"footnotes":""},"class_list":["post-314","page","type-page","status-publish","hentry"],"acf":[],"yoast_head":"<!-- This site is optimized with the Yoast SEO plugin v27.4 - https:\/\/yoast.com\/product\/yoast-seo-wordpress\/ -->\n<title>Rejoignez notre \u00e9quipe | Gebr\u00fcder Lenges<\/title>\n<meta name=\"description\" content=\"Rejoignez Gebr\u00fcder Lenges et faites partie d\u2019une \u00e9quipe dynamique engag\u00e9e dans l\u2019agro-industrie et l\u2019innovation \u00e9cologique.\" \/>\n<meta name=\"robots\" content=\"index, follow, max-snippet:-1, max-image-preview:large, max-video-preview:-1\" \/>\n<link rel=\"canonical\" href=\"https:\/\/www.lenges.be\/fr\/jobs\/\" \/>\n<meta property=\"og:locale\" content=\"fr_FR\" \/>\n<meta property=\"og:type\" content=\"article\" \/>\n<meta property=\"og:title\" content=\"Rejoignez notre \u00e9quipe | Gebr\u00fcder Lenges\" \/>\n<meta property=\"og:description\" content=\"Rejoignez Gebr\u00fcder Lenges et faites partie d\u2019une \u00e9quipe dynamique engag\u00e9e dans l\u2019agro-industrie et l\u2019innovation \u00e9cologique.\" \/>\n<meta property=\"og:url\" content=\"https:\/\/www.lenges.be\/fr\/jobs\/\" \/>\n<meta property=\"og:site_name\" content=\"Gebr\u00fcder Lenges\" \/>\n<meta property=\"article:modified_time\" content=\"2025-03-26T08:54:27+00:00\" \/>\n<meta property=\"og:image\" content=\"https:\/\/www.lenges.be\/wp-content\/uploads\/2023\/12\/transport-matieres-semi-solides-semi-liquides-gebruder-lenges-2-1024x683.jpg\" \/>\n\t<meta property=\"og:image:width\" content=\"1024\" \/>\n\t<meta property=\"og:image:height\" content=\"683\" \/>\n\t<meta property=\"og:image:type\" content=\"image\/jpeg\" \/>\n<meta name=\"twitter:card\" content=\"summary_large_image\" \/>\n<meta name=\"twitter:title\" content=\"Rejoingnez notre \u00e9quipe | Gebr\u00fcder Lenges\" \/>\n<meta name=\"twitter:description\" content=\"Rejoignez Gebr\u00fcder Lenges et faites partie d\u2019une \u00e9quipe dynamique engag\u00e9e dans l\u2019agro-industrie et l\u2019innovation \u00e9cologique.\" \/>\n<meta name=\"twitter:image\" content=\"https:\/\/www.lenges.be\/wp-content\/uploads\/2023\/12\/transport-matieres-semi-solides-semi-liquides-gebruder-lenges-2.jpg\" \/>\n<script type=\"application\/ld+json\" class=\"yoast-schema-graph\">{\"@context\":\"https:\\\/\\\/schema.org\",\"@graph\":[{\"@type\":\"WebPage\",\"@id\":\"https:\\\/\\\/www.lenges.be\\\/fr\\\/jobs\\\/\",\"url\":\"https:\\\/\\\/www.lenges.be\\\/fr\\\/jobs\\\/\",\"name\":\"Rejoignez notre \u00e9quipe | Gebr\u00fcder Lenges\",\"isPartOf\":{\"@id\":\"https:\\\/\\\/www.lenges.be\\\/fr\\\/#website\"},\"datePublished\":\"2024-09-02T09:47:20+00:00\",\"dateModified\":\"2025-03-26T08:54:27+00:00\",\"description\":\"Rejoignez Gebr\u00fcder Lenges et faites partie d\u2019une \u00e9quipe dynamique engag\u00e9e dans l\u2019agro-industrie et l\u2019innovation \u00e9cologique.\",\"breadcrumb\":{\"@id\":\"https:\\\/\\\/www.lenges.be\\\/fr\\\/jobs\\\/#breadcrumb\"},\"inLanguage\":\"fr-FR\",\"potentialAction\":[{\"@type\":\"ReadAction\",\"target\":[\"https:\\\/\\\/www.lenges.be\\\/fr\\\/jobs\\\/\"]}]},{\"@type\":\"BreadcrumbList\",\"@id\":\"https:\\\/\\\/www.lenges.be\\\/fr\\\/jobs\\\/#breadcrumb\",\"itemListElement\":[{\"@type\":\"ListItem\",\"position\":1,\"name\":\"Home\",\"item\":\"https:\\\/\\\/www.lenges.be\\\/fr\\\/\"},{\"@type\":\"ListItem\",\"position\":2,\"name\":\"Jobs\"}]},{\"@type\":\"WebSite\",\"@id\":\"https:\\\/\\\/www.lenges.be\\\/fr\\\/#website\",\"url\":\"https:\\\/\\\/www.lenges.be\\\/fr\\\/\",\"name\":\"Gebr\u00fcder Lenges\",\"description\":\"\",\"potentialAction\":[{\"@type\":\"SearchAction\",\"target\":{\"@type\":\"EntryPoint\",\"urlTemplate\":\"https:\\\/\\\/www.lenges.be\\\/fr\\\/?s={search_term_string}\"},\"query-input\":{\"@type\":\"PropertyValueSpecification\",\"valueRequired\":true,\"valueName\":\"search_term_string\"}}],\"inLanguage\":\"fr-FR\"}]}<\/script>\n<!-- \/ Yoast SEO plugin. -->","yoast_head_json":{"title":"Rejoignez notre \u00e9quipe | Gebr\u00fcder Lenges","description":"Rejoignez Gebr\u00fcder Lenges et faites partie d\u2019une \u00e9quipe dynamique engag\u00e9e dans l\u2019agro-industrie et l\u2019innovation \u00e9cologique.","robots":{"index":"index","follow":"follow","max-snippet":"max-snippet:-1","max-image-preview":"max-image-preview:large","max-video-preview":"max-video-preview:-1"},"canonical":"https:\/\/www.lenges.be\/fr\/jobs\/","og_locale":"fr_FR","og_type":"article","og_title":"Rejoignez notre \u00e9quipe | Gebr\u00fcder Lenges","og_description":"Rejoignez Gebr\u00fcder Lenges et faites partie d\u2019une \u00e9quipe dynamique engag\u00e9e dans l\u2019agro-industrie et l\u2019innovation \u00e9cologique.","og_url":"https:\/\/www.lenges.be\/fr\/jobs\/","og_site_name":"Gebr\u00fcder Lenges","article_modified_time":"2025-03-26T08:54:27+00:00","og_image":[{"width":1024,"height":683,"url":"https:\/\/www.lenges.be\/wp-content\/uploads\/2023\/12\/transport-matieres-semi-solides-semi-liquides-gebruder-lenges-2-1024x683.jpg","type":"image\/jpeg"}],"twitter_card":"summary_large_image","twitter_title":"Rejoingnez notre \u00e9quipe | Gebr\u00fcder Lenges","twitter_description":"Rejoignez Gebr\u00fcder Lenges et faites partie d\u2019une \u00e9quipe dynamique engag\u00e9e dans l\u2019agro-industrie et l\u2019innovation \u00e9cologique.","twitter_image":"https:\/\/www.lenges.be\/wp-content\/uploads\/2023\/12\/transport-matieres-semi-solides-semi-liquides-gebruder-lenges-2.jpg","schema":{"@context":"https:\/\/schema.org","@graph":[{"@type":"WebPage","@id":"https:\/\/www.lenges.be\/fr\/jobs\/","url":"https:\/\/www.lenges.be\/fr\/jobs\/","name":"Rejoignez notre \u00e9quipe | Gebr\u00fcder Lenges","isPartOf":{"@id":"https:\/\/www.lenges.be\/fr\/#website"},"datePublished":"2024-09-02T09:47:20+00:00","dateModified":"2025-03-26T08:54:27+00:00","description":"Rejoignez Gebr\u00fcder Lenges et faites partie d\u2019une \u00e9quipe dynamique engag\u00e9e dans l\u2019agro-industrie et l\u2019innovation \u00e9cologique.","breadcrumb":{"@id":"https:\/\/www.lenges.be\/fr\/jobs\/#breadcrumb"},"inLanguage":"fr-FR","potentialAction":[{"@type":"ReadAction","target":["https:\/\/www.lenges.be\/fr\/jobs\/"]}]},{"@type":"BreadcrumbList","@id":"https:\/\/www.lenges.be\/fr\/jobs\/#breadcrumb","itemListElement":[{"@type":"ListItem","position":1,"name":"Home","item":"https:\/\/www.lenges.be\/fr\/"},{"@type":"ListItem","position":2,"name":"Jobs"}]},{"@type":"WebSite","@id":"https:\/\/www.lenges.be\/fr\/#website","url":"https:\/\/www.lenges.be\/fr\/","name":"Gebr\u00fcder Lenges","description":"","potentialAction":[{"@type":"SearchAction","target":{"@type":"EntryPoint","urlTemplate":"https:\/\/www.lenges.be\/fr\/?s={search_term_string}"},"query-input":{"@type":"PropertyValueSpecification","valueRequired":true,"valueName":"search_term_string"}}],"inLanguage":"fr-FR"}]}},"_links":{"self":[{"href":"https:\/\/www.lenges.be\/fr\/wp-json\/wp\/v2\/pages\/314","targetHints":{"allow":["GET"]}}],"collection":[{"href":"https:\/\/www.lenges.be\/fr\/wp-json\/wp\/v2\/pages"}],"about":[{"href":"https:\/\/www.lenges.be\/fr\/wp-json\/wp\/v2\/types\/page"}],"author":[{"embeddable":true,"href":"https:\/\/www.lenges.be\/fr\/wp-json\/wp\/v2\/users\/1"}],"replies":[{"embeddable":true,"href":"https:\/\/www.lenges.be\/fr\/wp-json\/wp\/v2\/comments?post=314"}],"version-history":[{"count":1,"href":"https:\/\/www.lenges.be\/fr\/wp-json\/wp\/v2\/pages\/314\/revisions"}],"predecessor-version":[{"id":315,"href":"https:\/\/www.lenges.be\/fr\/wp-json\/wp\/v2\/pages\/314\/revisions\/315"}],"wp:attachment":[{"href":"https:\/\/www.lenges.be\/fr\/wp-json\/wp\/v2\/media?parent=314"}],"curies":[{"name":"wp","href":"https:\/\/api.w.org\/{rel}","templated":true}]}}